{"id":2,"date":"2023-03-29T11:28:29","date_gmt":"2023-03-29T14:28:29","guid":{"rendered":"http:\/\/ienerich.com.br\/?page_id=2"},"modified":"2023-04-05T09:59:45","modified_gmt":"2023-04-05T12:59:45","slug":"pagina-exemplo","status":"publish","type":"page","link":"https:\/\/ienerich.com.br\/","title":{"rendered":"Home"},"content":{"rendered":"\t\t<div data-elementor-type=\"wp-page\" data-elementor-id=\"2\" class=\"elementor elementor-2\">\n\t\t\t\t\t\t\t\t\t<section class=\"elementor-section elementor-top-section elementor-element elementor-element-9e7a9a3 elementor-section-boxed elementor-section-height-default elementor-section-height-default\" data-id=\"9e7a9a3\" data-element_type=\"section\">\n\t\t\t\t\t\t<div class=\"elementor-container elementor-column-gap-default\">\n\t\t\t\t\t<div class=\"elementor-column elementor-col-100 elementor-top-column elementor-element elementor-element-b2f9b6a\" data-id=\"b2f9b6a\" data-element_type=\"column\">\n\t\t\t<div class=\"elementor-widget-wrap elementor-element-populated\">\n\t\t\t\t\t\t\t\t<div class=\"elementor-element elementor-element-28c2bb6 elementor-widget elementor-widget-retina\" data-id=\"28c2bb6\" data-element_type=\"widget\" data-settings=\"{&quot;align&quot;:&quot;center&quot;,&quot;width&quot;:{&quot;unit&quot;:&quot;%&quot;,&quot;size&quot;:&quot;&quot;,&quot;sizes&quot;:[]},&quot;width_tablet&quot;:{&quot;unit&quot;:&quot;%&quot;,&quot;size&quot;:&quot;&quot;,&quot;sizes&quot;:[]},&quot;width_mobile&quot;:{&quot;unit&quot;:&quot;%&quot;,&quot;size&quot;:&quot;&quot;,&quot;sizes&quot;:[]},&quot;space&quot;:{&quot;unit&quot;:&quot;%&quot;,&quot;size&quot;:&quot;&quot;,&quot;sizes&quot;:[]},&quot;space_tablet&quot;:{&quot;unit&quot;:&quot;%&quot;,&quot;size&quot;:&quot;&quot;,&quot;sizes&quot;:[]},&quot;space_mobile&quot;:{&quot;unit&quot;:&quot;%&quot;,&quot;size&quot;:&quot;&quot;,&quot;sizes&quot;:[]},&quot;image_border_radius&quot;:{&quot;unit&quot;:&quot;px&quot;,&quot;top&quot;:&quot;&quot;,&quot;right&quot;:&quot;&quot;,&quot;bottom&quot;:&quot;&quot;,&quot;left&quot;:&quot;&quot;,&quot;isLinked&quot;:true},&quot;image_border_radius_tablet&quot;:{&quot;unit&quot;:&quot;px&quot;,&quot;top&quot;:&quot;&quot;,&quot;right&quot;:&quot;&quot;,&quot;bottom&quot;:&quot;&quot;,&quot;left&quot;:&quot;&quot;,&quot;isLinked&quot;:true},&quot;image_border_radius_mobile&quot;:{&quot;unit&quot;:&quot;px&quot;,&quot;top&quot;:&quot;&quot;,&quot;right&quot;:&quot;&quot;,&quot;bottom&quot;:&quot;&quot;,&quot;left&quot;:&quot;&quot;,&quot;isLinked&quot;:true}}\" data-widget_type=\"retina.default\">\n\t\t\t\t<div class=\"elementor-widget-container\">\n\t\t\t\t\t<div class=\"hfe-retina-image\">\n\t\t\t\t\t\t\t\t\t\t\t\t\t<div class=\"hfe-retina-image-set\">\n\t\t\t\t\t<div class=\"hfe-retina-image-container\">\n\t\t\t\t\t\t<img decoding=\"async\" class=\"hfe-retina-img elementor-animation-\"  src=\"https:\/\/ienerich.com.br\/wp-content\/uploads\/2023\/03\/ienerich-materiais-para-mineracao-1024x559.png\" alt=\"Ienerich - Materiais para Minera\u00e7\u00e3o\" srcset=\"https:\/\/ienerich.com.br\/wp-content\/uploads\/2023\/03\/ienerich-materiais-para-mineracao-1024x559.png 1x,https:\/\/ienerich.com.br\/wp-content\/uploads\/2023\/03\/ienerich-materiais-para-mineracao-1024x559.png 2x\"\/>\n\t\t\t\t\t<\/div>\n\t\t\t\t<\/div>\n\t\t\t\t\t\t\t\t<\/div> \n\t\t\t\t<\/div>\n\t\t\t\t<\/div>\n\t\t\t\t<div class=\"elementor-element elementor-element-1c00366 elementor-widget elementor-widget-text-editor\" data-id=\"1c00366\" data-element_type=\"widget\" data-widget_type=\"text-editor.default\">\n\t\t\t\t<div class=\"elementor-widget-container\">\n\t\t\t<style>\/*! elementor - v3.12.0 - 29-03-2023 *\/\n.elementor-widget-text-editor.elementor-drop-cap-view-stacked .elementor-drop-cap{background-color:#69727d;color:#fff}.elementor-widget-text-editor.elementor-drop-cap-view-framed .elementor-drop-cap{color:#69727d;border:3px solid;background-color:transparent}.elementor-widget-text-editor:not(.elementor-drop-cap-view-default) .elementor-drop-cap{margin-top:8px}.elementor-widget-text-editor:not(.elementor-drop-cap-view-default) .elementor-drop-cap-letter{width:1em;height:1em}.elementor-widget-text-editor .elementor-drop-cap{float:left;text-align:center;line-height:1;font-size:50px}.elementor-widget-text-editor .elementor-drop-cap-letter{display:inline-block}<\/style>\t\t\t\t<p data-pm-slice=\"1 1 []\">A Ienerich \u00e9 uma empresa especializada na distribui\u00e7\u00e3o de materiais, pe\u00e7as e lubrificantes para o setor de minera\u00e7\u00e3o. Nossa miss\u00e3o \u00e9 oferecer produtos de alta qualidade e atendimento diferenciado aos clientes.<\/p><p>A Ienerich trabalha com as melhores marcas do mercado e conta com profissionais altamente capacitados. Nossa empresa est\u00e1 sempre atenta \u00e0s necessidades do setor de minera\u00e7\u00e3o e busca constantemente aprimorar seus servi\u00e7os e produtos, oferecendo solu\u00e7\u00f5es personalizadas e garantindo, assim, a satisfa\u00e7\u00e3o dos nosso clientes.<\/p><p>Se voc\u00ea procura uma distribuidora de materiais, pe\u00e7as e lubrificantes para minera\u00e7\u00e3o confi\u00e1vel e comprometida com a qualidade, a Ienerich \u00e9 a escolha certa.<\/p><p>Entre em contato e conhe\u00e7a nossas solu\u00e7\u00f5es para o seu neg\u00f3cio.<\/p>\t\t\t\t\t\t<\/div>\n\t\t\t\t<\/div>\n\t\t\t\t<div class=\"elementor-element elementor-element-bca4a82 elementor-align-center elementor-widget elementor-widget-button\" data-id=\"bca4a82\" data-element_type=\"widget\" data-widget_type=\"button.default\">\n\t\t\t\t<div class=\"elementor-widget-container\">\n\t\t\t\t\t<div class=\"elementor-button-wrapper\">\n\t\t\t<a href=\"https:\/\/wa.me\/5548998586115?text=%20Ol\u00e1%20Ienerich!%20\" class=\"elementor-button-link elementor-button elementor-size-md\" role=\"button\">\n\t\t\t\t\t\t<span class=\"elementor-button-content-wrapper\">\n\t\t\t\t\t\t<span class=\"elementor-button-text\">WhatsApp<\/span>\n\t\t<\/span>\n\t\t\t\t\t<\/a>\n\t\t<\/div>\n\t\t\t\t<\/div>\n\t\t\t\t<\/div>\n\t\t\t\t\t<\/div>\n\t\t<\/div>\n\t\t\t\t\t\t\t<\/div>\n\t\t<\/section>\n\t\t\t\t\t\t\t<\/div>\n\t\t","protected":false},"excerpt":{"rendered":"<p>A Ienerich \u00e9 uma empresa especializada na distribui\u00e7\u00e3o de materiais, pe\u00e7as e lubrificantes para o setor de minera\u00e7\u00e3o. Nossa miss\u00e3o \u00e9 oferecer produtos de alta qualidade e atendimento diferenciado aos clientes. A Ienerich trabalha com as melhores marcas do mercado e conta com profissionais altamente capacitados. Nossa empresa est\u00e1 sempre atenta \u00e0s necessidades do setor [&hellip;]<\/p>\n","protected":false},"author":1,"featured_media":0,"parent":0,"menu_order":0,"comment_status":"closed","ping_status":"open","template":"elementor_canvas","meta":{"footnotes":""},"class_list":["post-2","page","type-page","status-publish","hentry"],"_links":{"self":[{"href":"https:\/\/ienerich.com.br\/index.php?rest_route=\/wp\/v2\/pages\/2","targetHints":{"allow":["GET"]}}],"collection":[{"href":"https:\/\/ienerich.com.br\/index.php?rest_route=\/wp\/v2\/pages"}],"about":[{"href":"https:\/\/ienerich.com.br\/index.php?rest_route=\/wp\/v2\/types\/page"}],"author":[{"embeddable":true,"href":"https:\/\/ienerich.com.br\/index.php?rest_route=\/wp\/v2\/users\/1"}],"replies":[{"embeddable":true,"href":"https:\/\/ienerich.com.br\/index.php?rest_route=%2Fwp%2Fv2%2Fcomments&post=2"}],"version-history":[{"count":29,"href":"https:\/\/ienerich.com.br\/index.php?rest_route=\/wp\/v2\/pages\/2\/revisions"}],"predecessor-version":[{"id":36,"href":"https:\/\/ienerich.com.br\/index.php?rest_route=\/wp\/v2\/pages\/2\/revisions\/36"}],"wp:attachment":[{"href":"https:\/\/ienerich.com.br\/index.php?rest_route=%2Fwp%2Fv2%2Fmedia&parent=2"}],"curies":[{"name":"wp","href":"https:\/\/api.w.org\/{rel}","templated":true}]}}